{"id":245,"date":"2016-02-15T06:51:39","date_gmt":"2016-02-15T04:51:39","guid":{"rendered":"https:\/\/rent.minikas.ee\/?page_id=245"},"modified":"2025-06-07T11:39:44","modified_gmt":"2025-06-07T08:39:44","slug":"rental-conditions","status":"publish","type":"page","link":"https:\/\/rent.minikas.ee\/en\/renditingimused\/","title":{"rendered":"Terms and conditions"},"content":{"rendered":"<ol>\n<li>By leasing the property belonging to LMThings O\u00dc, the Lessee has accepted these Terms and Conditions of Lease and all disputes shall be governed by these Terms and Conditions of Lease and the laws of the Republic of Estonia.<\/li>\n<li>The Lessee is obliged to inspect the leased Property properly before taking it into use and to make sure that it is suitable.<\/li>\n<li>The rental period is 24 hours. The renter is obliged to return the item no later than on the last day of the rental period stated in the order, before 9:00 PM.<\/li>\n<li>\u00a0If the Lessee returns the property before the end of the rental period, the Lessor is not obliged to compensate for the unused rental days.<\/li>\n<li>If the Lessee wishes to extend the rental period, the Lessor must be informed before the end of the rental period. An extension of the rental period is only possible subject to the availability of the product, which can be checked on the product card calendar.<br \/>\nIn the event of failure to return on time and failure to inform the Renter, the Renter will be charged a double fee for the days exceeded, calculated on the basis of one day's rental of the product.<\/li>\n<li>The Lessee shall be fully and unconditionally responsible for the preservation of the Assets from the time of transfer of possession from the Lessor until the return of the Assets to the Lessor.<\/li>\n<li>The Lessee must return the property cleaned, otherwise the Lessor will clean the property at the expense of the Lessee (min. cleaning fee 10,00 EUR).<\/li>\n<li>In the event of damage to the Lessor's property, the Lessor has the right not to return the deposit.<\/li>\n<li>The Lessor is not liable for any costs that the Renter may incur due to the use of the property, nor will the Lessor install a safety seat or a safety cradle in the Renter's vehicle (installation instructions are available on the side of the safety seat and the safety cradle, and on the website rent.minikas.ee). rent.minikas.ee).<\/li>\n<li>Cancellation will incur a cancellation fee of 1 rental day.<\/li>\n<\/ol>","protected":false},"excerpt":{"rendered":"<p>V\u00f5ttes rendile LMThings O\u00dc&#8217;le kuuluva vara, on Rentnik aktsepteerinud k\u00e4esolevaid renditingimusi ning k\u00f5igis vaidlusk\u00fcsimustes l\u00e4htutakse neist renditingimustest ning Eesti Vabariigi seadustest. Rentnik on kohustatud renditava Vara korralikult \u00fcle vaatama enne kasutusse v\u00f5tmist ning veenduma selle sobilikkuses. Rendip\u00e4eva pikkus on 24 tundi. Rentnik on kohustatud tagastama vara hiljemalt tellimuses m\u00e4rgitud rendi-perioodi l\u00f5ppemisele samal p\u00e4eva enne kella [&hellip;]<\/p>\n","protected":false},"author":1,"featured_media":0,"parent":0,"menu_order":0,"comment_status":"closed","ping_status":"closed","template":"","meta":{"footnotes":""},"class_list":["post-245","page","type-page","status-publish","hentry"],"_links":{"self":[{"href":"https:\/\/rent.minikas.ee\/en\/wp-json\/wp\/v2\/pages\/245","targetHints":{"allow":["GET"]}}],"collection":[{"href":"https:\/\/rent.minikas.ee\/en\/wp-json\/wp\/v2\/pages"}],"about":[{"href":"https:\/\/rent.minikas.ee\/en\/wp-json\/wp\/v2\/types\/page"}],"author":[{"embeddable":true,"href":"https:\/\/rent.minikas.ee\/en\/wp-json\/wp\/v2\/users\/1"}],"replies":[{"embeddable":true,"href":"https:\/\/rent.minikas.ee\/en\/wp-json\/wp\/v2\/comments?post=245"}],"version-history":[{"count":28,"href":"https:\/\/rent.minikas.ee\/en\/wp-json\/wp\/v2\/pages\/245\/revisions"}],"predecessor-version":[{"id":4458,"href":"https:\/\/rent.minikas.ee\/en\/wp-json\/wp\/v2\/pages\/245\/revisions\/4458"}],"wp:attachment":[{"href":"https:\/\/rent.minikas.ee\/en\/wp-json\/wp\/v2\/media?parent=245"}],"curies":[{"name":"wp","href":"https:\/\/api.w.org\/{rel}","templated":true}]}}