{"id":137,"date":"2016-02-14T17:46:20","date_gmt":"2016-02-14T15:46:20","guid":{"rendered":"https:\/\/rent.minikas.ee\/pood\/turvatooli-rent-0-18kg\/"},"modified":"2026-03-17T22:39:41","modified_gmt":"2026-03-17T20:39:41","slug":"caretero-combo-caretero-combo-rental-0-25kg","status":"publish","type":"product","link":"https:\/\/rent.minikas.ee\/en\/pood\/turvatooli-rent-caretero-combo-0-25kg\/","title":{"rendered":"Caretero Combo safety chair 0-25kg"},"content":{"rendered":"<ul>\n<li>Suitable for children 0-25 kg (group 0+, I, II)<\/li>\n<li>forward facing: 9-25 kg<\/li>\n<li>rear-facing: 0-10 kg<\/li>\n<li>4 calendars<\/li>\n<li>robust construction<\/li>\n<li>5-point safety belt<\/li>\n<li>adjustable headrest up to 20 cm<\/li>\n<\/ul>\n<p>The Caretero Combo car seat complies with the European requirements ECE R44\/04.<\/p>\n<p>Material:<\/p>\n<ul>\n<li class=\"first\">Textile cover: 100% polyester<\/li>\n<li>Care: Hand wash max. 30\u00b0C (not suitable for tumble dryer)<\/li>\n<\/ul>\n<p>Be sure to also check out <a href=\"https:\/\/www.youtube.com\/watch?v=N0axB6w129o\" target=\"_blank\" rel=\"noopener noreferrer\">installation guide<\/a> NOTE: The Lessor does not install a safety chair in the Renter's vehicle (installation instructions are available with the safety chair).<br \/>\n<em>*Select the desired rental period on the form to get a more accurate price.<\/em><\/p>","protected":false},"excerpt":{"rendered":"<p>sobilik lapsele 0-25 kg (grupp 0+, I, II) n\u00e4oga s\u00f5idusuunas: 9-25 kg seljaga s\u00f5idusuunas: 0-10 kg 4 kaldenurka tugev konstruktsioon 5-punktiline turvav\u00f6\u00f6 reguleeritav peatugi kuni 20 cm Caretero Combo turvatool vastab Euroopas kehtivatele n\u00f5uetele ECE R44\/04 Materjal: Tekstiili kate: 100% pol\u00fcester Hooldus:\u00a0K\u00e4sipesu max. 30 \u00b0 C (ei sobi kuivati) Tutvu kindlasti ka paigaldusjuhendiga NB! Rendileandja [&hellip;]<\/p>\n","protected":false},"featured_media":2699,"comment_status":"open","ping_status":"closed","template":"","meta":[],"product_brand":[],"product_cat":[40],"product_tag":[44,107],"class_list":{"0":"post-137","1":"product","2":"type-product","3":"status-publish","4":"has-post-thumbnail","6":"product_cat-turvatoolid","7":"product_tag-turvatooli-laenutus","8":"product_tag-turvavooga-kinnitatav","10":"first","11":"instock","12":"taxable","13":"shipping-taxable","14":"purchasable","15":"product-type-simple"},"_links":{"self":[{"href":"https:\/\/rent.minikas.ee\/en\/wp-json\/wp\/v2\/product\/137","targetHints":{"allow":["GET"]}}],"collection":[{"href":"https:\/\/rent.minikas.ee\/en\/wp-json\/wp\/v2\/product"}],"about":[{"href":"https:\/\/rent.minikas.ee\/en\/wp-json\/wp\/v2\/types\/product"}],"replies":[{"embeddable":true,"href":"https:\/\/rent.minikas.ee\/en\/wp-json\/wp\/v2\/comments?post=137"}],"wp:featuredmedia":[{"embeddable":true,"href":"https:\/\/rent.minikas.ee\/en\/wp-json\/wp\/v2\/media\/2699"}],"wp:attachment":[{"href":"https:\/\/rent.minikas.ee\/en\/wp-json\/wp\/v2\/media?parent=137"}],"wp:term":[{"taxonomy":"product_brand","embeddable":true,"href":"https:\/\/rent.minikas.ee\/en\/wp-json\/wp\/v2\/product_brand?post=137"},{"taxonomy":"product_cat","embeddable":true,"href":"https:\/\/rent.minikas.ee\/en\/wp-json\/wp\/v2\/product_cat?post=137"},{"taxonomy":"product_tag","embeddable":true,"href":"https:\/\/rent.minikas.ee\/en\/wp-json\/wp\/v2\/product_tag?post=137"}],"curies":[{"name":"wp","href":"https:\/\/api.w.org\/{rel}","templated":true}]}}