{"id":2271,"date":"2021-08-15T18:06:55","date_gmt":"2021-08-15T15:06:55","guid":{"rendered":"https:\/\/rent.minikas.ee\/?post_type=product&#038;p=2271"},"modified":"2026-03-17T22:53:54","modified_gmt":"2026-03-17T20:53:54","slug":"safety-chair-rental-15-36kg-kindergraft","status":"publish","type":"product","link":"https:\/\/rent.minikas.ee\/en\/pood\/turvatooli-rent-15-36kg-kindergraft\/","title":{"rendered":"Safety seat KinderKraft Safety Fix 15-36kg"},"content":{"rendered":"<p>Suitable for children from 15 to 36 kg (ECE Group II \/ III).<\/p>\n<ul>\n<li>The Isofix restraint system with top tether ensures correct installation (Top Tether technology).<\/li>\n<li>10-degree adjustable headrest<\/li>\n<li>Adjustable backrest angle.<\/li>\n<li>Removable, washable seat cover.<\/li>\n<li>The reliability of the child car seat has been tested by the Institute of the Motor Industry (PIMOT) in an accident simulation test.<\/li>\n<li>The product has been tested and approved in accordance with the European safety regulation ECE R 44\/04.<\/li>\n<li>Plastic: PE, cover: 100% polyester (breathable fabric).<\/li>\n<li>Dimensions: 39 x 46 x 61 cm \/ 7 kg.<\/li>\n<\/ul>\n<p>NOTE: The Lessor does not install a safety chair in the Renter's vehicle (installation instructions are available with the safety chair).<br \/>\n<em>*Select the desired rental period on the form to get a more accurate price.<\/em><\/p>","protected":false},"excerpt":{"rendered":"<p>Sobib lastele kaaluga 15-36 kg (ECE Group\u00a0 II \/ III). Isofixi turvas\u00fcsteem koos \u00fclemise kinnitusribaga tagab \u00f5ige paigaldamise (Top Tetheri tehnoloogia). 10-kraadine reguleeritav peatugi Reguleeritav seljatoe kaldenurk. Eemaldatav, pestav istmekate. Laste turvatooli usaldusv\u00e4\u00e4rsus on testitud autot\u00f6\u00f6stuse instituudi (PIMOT) poolt l\u00e4bi viidud \u00f5nnetusjuhtumite simulatsiooni testiga. Toode on testitud ja heaks kiidetud vastavalt Euroopa ohutuseeskirjadele ECE R [&hellip;]<\/p>\n","protected":false},"featured_media":2323,"comment_status":"open","ping_status":"closed","template":"","meta":[],"product_brand":[],"product_cat":[40],"product_tag":[106,44],"class_list":{"0":"post-2271","1":"product","2":"type-product","3":"status-publish","4":"has-post-thumbnail","6":"product_cat-turvatoolid","7":"product_tag-isofix-kinnitus","8":"product_tag-turvatooli-laenutus","10":"first","11":"instock","12":"taxable","13":"shipping-taxable","14":"purchasable","15":"product-type-simple"},"_links":{"self":[{"href":"https:\/\/rent.minikas.ee\/en\/wp-json\/wp\/v2\/product\/2271","targetHints":{"allow":["GET"]}}],"collection":[{"href":"https:\/\/rent.minikas.ee\/en\/wp-json\/wp\/v2\/product"}],"about":[{"href":"https:\/\/rent.minikas.ee\/en\/wp-json\/wp\/v2\/types\/product"}],"replies":[{"embeddable":true,"href":"https:\/\/rent.minikas.ee\/en\/wp-json\/wp\/v2\/comments?post=2271"}],"wp:featuredmedia":[{"embeddable":true,"href":"https:\/\/rent.minikas.ee\/en\/wp-json\/wp\/v2\/media\/2323"}],"wp:attachment":[{"href":"https:\/\/rent.minikas.ee\/en\/wp-json\/wp\/v2\/media?parent=2271"}],"wp:term":[{"taxonomy":"product_brand","embeddable":true,"href":"https:\/\/rent.minikas.ee\/en\/wp-json\/wp\/v2\/product_brand?post=2271"},{"taxonomy":"product_cat","embeddable":true,"href":"https:\/\/rent.minikas.ee\/en\/wp-json\/wp\/v2\/product_cat?post=2271"},{"taxonomy":"product_tag","embeddable":true,"href":"https:\/\/rent.minikas.ee\/en\/wp-json\/wp\/v2\/product_tag?post=2271"}],"curies":[{"name":"wp","href":"https:\/\/api.w.org\/{rel}","templated":true}]}}