{"id":2351,"date":"2021-09-03T15:37:00","date_gmt":"2021-09-03T12:37:00","guid":{"rendered":"https:\/\/rent.minikas.ee\/?post_type=product&#038;p=2351"},"modified":"2026-04-17T16:26:22","modified_gmt":"2026-04-17T13:26:22","slug":"child-seat-hire-0-25-kg-jupiter","status":"publish","type":"product","link":"https:\/\/rent.minikas.ee\/en\/pood\/turvatooli-rent-0-25-kg-jupiter\/","title":{"rendered":"Safety seat Lorelli Jupiter +SPS, 0-25 kg"},"content":{"rendered":"<ul>\n<li>Suitable for children from birth to 7 years (0-25 kg).<\/li>\n<li>Side impact protection.<\/li>\n<li>Soft pillow-top interior.<\/li>\n<li>Seat belt adjuster.<\/li>\n<li>Adjustable soft cushion headrest (2 positions).<\/li>\n<li>Adjustable backrest position (2 positions) when the seat is mounted facing forward.<\/li>\n<li>5-point, adjustable seat belts (2 positions).<\/li>\n<li>Plastic base for restraint - it is recommended to restrain the seat rear-facing from birth to 18 months.<\/li>\n<li>Easy to install.<\/li>\n<li>Removable cover that can be hand washed at temperatures up to 30\u00b0C.<\/li>\n<li>External dimensions: 65 x 47 x 66 cm.<\/li>\n<li>Internal dimensions: 50 x 47 x 75 cm.<\/li>\n<li>Weight: 7.58 kg.<\/li>\n<\/ul>\n<p>NOTE: The Lessor does not install a safety chair in the Renter's vehicle (installation instructions are available with the safety chair).<br \/>\n<em>*Select the desired rental period on the form to get a more accurate price.<\/em><\/p>","protected":false},"excerpt":{"rendered":"<p>Sobib lastele alates s\u00fcnnist kuni 7. eluaastani (0-25 kg). K\u00fclgkokkup\u00f5rke kaitse. Pehme peapadi-sisemus. Turvav\u00f6\u00f6 suunaja. Reguleeritav pehme peapadi-sisemus (2 asendit). Reguleeritav seljatoe asend (2 asendit), kui iste on kinnitatud n\u00e4oga s\u00f5idusuunas. 5-punkti, reguleeritavad turvav\u00f6\u00f6d (2 asendit). Plastikust alus kinnitamiseks &#8211; iste on soovitatav kinnitada seljaga s\u00f5idusuunas alates s\u00fcnnist kuni 18. kuuni. Kergesti paigaldatav. Eemaldatav kate, [&hellip;]<\/p>\n","protected":false},"featured_media":2350,"comment_status":"open","ping_status":"closed","template":"","meta":[],"product_brand":[],"product_cat":[40],"product_tag":[44,107],"class_list":{"0":"post-2351","1":"product","2":"type-product","3":"status-publish","4":"has-post-thumbnail","6":"product_cat-turvatoolid","7":"product_tag-turvatooli-laenutus","8":"product_tag-turvavooga-kinnitatav","10":"first","11":"instock","12":"taxable","13":"shipping-taxable","14":"purchasable","15":"product-type-simple"},"_links":{"self":[{"href":"https:\/\/rent.minikas.ee\/en\/wp-json\/wp\/v2\/product\/2351","targetHints":{"allow":["GET"]}}],"collection":[{"href":"https:\/\/rent.minikas.ee\/en\/wp-json\/wp\/v2\/product"}],"about":[{"href":"https:\/\/rent.minikas.ee\/en\/wp-json\/wp\/v2\/types\/product"}],"replies":[{"embeddable":true,"href":"https:\/\/rent.minikas.ee\/en\/wp-json\/wp\/v2\/comments?post=2351"}],"wp:featuredmedia":[{"embeddable":true,"href":"https:\/\/rent.minikas.ee\/en\/wp-json\/wp\/v2\/media\/2350"}],"wp:attachment":[{"href":"https:\/\/rent.minikas.ee\/en\/wp-json\/wp\/v2\/media?parent=2351"}],"wp:term":[{"taxonomy":"product_brand","embeddable":true,"href":"https:\/\/rent.minikas.ee\/en\/wp-json\/wp\/v2\/product_brand?post=2351"},{"taxonomy":"product_cat","embeddable":true,"href":"https:\/\/rent.minikas.ee\/en\/wp-json\/wp\/v2\/product_cat?post=2351"},{"taxonomy":"product_tag","embeddable":true,"href":"https:\/\/rent.minikas.ee\/en\/wp-json\/wp\/v2\/product_tag?post=2351"}],"curies":[{"name":"wp","href":"https:\/\/api.w.org\/{rel}","templated":true}]}}