{"id":2998,"date":"2023-06-19T19:09:11","date_gmt":"2023-06-19T16:09:11","guid":{"rendered":"https:\/\/rent.minikas.ee\/?post_type=product&#038;p=2998"},"modified":"2026-03-17T22:55:21","modified_gmt":"2026-03-17T20:55:21","slug":"safety-chair-rental-lionelo-0-36kg","status":"publish","type":"product","link":"https:\/\/rent.minikas.ee\/en\/pood\/turvatooli-rent-lionelo-0-36kg\/","title":{"rendered":"Car seat Lionelo 0-36kg"},"content":{"rendered":"<ul>\n<li>Can be mounted in both directions. Suitable for children weighing up to 18 kg in the rear-facing direction and up to 36 kg (approx. 12 years) in the front-facing direction.<\/li>\n<li>The structure grows with the child, so that the little traveller feels comfortable on short trips to nursery or school, as well as on long journeys on holiday.<\/li>\n<li>Thanks to the universal mounting system with car seat belts, the Aart fits in any car.<\/li>\n<li>The seat is made of strong materials, which increases the child's safety in the event of an accident.<\/li>\n<li>The fibreglass-reinforced headrest structure protects your child's head from the back and sides.<\/li>\n<li>The 13-step height adjustment function allows you to adjust the most comfortable position to suit your child's needs.<\/li>\n<li>Integrated 5-point safety belts ensure that the child is properly secured.<\/li>\n<li>Indicators show when the seat is correctly installed.<\/li>\n<li>3 levels of back adjustment ensure your child's comfort while sleeping.<\/li>\n<li>Extra for a toddler.<\/li>\n<li>The covers are easily removable and washable.<br \/>\nTechnical data:<\/li>\n<li>Weight category: 0-36 kg<\/li>\n<li>The product complies with European standard ECE R44\/04.<\/li>\n<li>Chair weight: 6,2 kg<\/li>\n<li>Dimensions: 45 x 51 x 49-75 cm<\/li>\n<\/ul>\n<p>Be sure to also read the installation instructions NB: The Lessor does not install a safety chair in the Renter's vehicle (installation instructions are available with the safety chair).<br \/>\n<em>*Select the desired rental period on the form to get a more accurate price.<\/em><\/p>","protected":false},"excerpt":{"rendered":"<p>V\u00f5imalik kinnitada m\u00f5lemas suunas. Seljaga s\u00f5idusuunas sobib kuni 18 kg kaaluvatele lastele, n\u00e4oga s\u00f5idusuunas lastele kuni 36 kg (ca 12 a). Struktuur kasvab koos lapsega, nii et v\u00e4ike reisija tunneb end mugavalt nii l\u00fchikestel lasteaeda- v\u00f5i koolis\u00f5itudel kui ka puhkuse ajal pikkadel reisidel. T\u00e4nu universaalsele paigalduss\u00fcsteemile koos auto turvav\u00f6\u00f6dega sobib Aart turvatool igasse autosse. Istme [&hellip;]<\/p>\n","protected":false},"featured_media":3049,"comment_status":"open","ping_status":"closed","template":"","meta":[],"product_brand":[],"product_cat":[40],"product_tag":[44,107],"class_list":{"0":"post-2998","1":"product","2":"type-product","3":"status-publish","4":"has-post-thumbnail","6":"product_cat-turvatoolid","7":"product_tag-turvatooli-laenutus","8":"product_tag-turvavooga-kinnitatav","10":"first","11":"instock","12":"taxable","13":"shipping-taxable","14":"purchasable","15":"product-type-simple"},"_links":{"self":[{"href":"https:\/\/rent.minikas.ee\/en\/wp-json\/wp\/v2\/product\/2998","targetHints":{"allow":["GET"]}}],"collection":[{"href":"https:\/\/rent.minikas.ee\/en\/wp-json\/wp\/v2\/product"}],"about":[{"href":"https:\/\/rent.minikas.ee\/en\/wp-json\/wp\/v2\/types\/product"}],"replies":[{"embeddable":true,"href":"https:\/\/rent.minikas.ee\/en\/wp-json\/wp\/v2\/comments?post=2998"}],"wp:featuredmedia":[{"embeddable":true,"href":"https:\/\/rent.minikas.ee\/en\/wp-json\/wp\/v2\/media\/3049"}],"wp:attachment":[{"href":"https:\/\/rent.minikas.ee\/en\/wp-json\/wp\/v2\/media?parent=2998"}],"wp:term":[{"taxonomy":"product_brand","embeddable":true,"href":"https:\/\/rent.minikas.ee\/en\/wp-json\/wp\/v2\/product_brand?post=2998"},{"taxonomy":"product_cat","embeddable":true,"href":"https:\/\/rent.minikas.ee\/en\/wp-json\/wp\/v2\/product_cat?post=2998"},{"taxonomy":"product_tag","embeddable":true,"href":"https:\/\/rent.minikas.ee\/en\/wp-json\/wp\/v2\/product_tag?post=2998"}],"curies":[{"name":"wp","href":"https:\/\/api.w.org\/{rel}","templated":true}]}}