{"id":3091,"date":"2023-07-18T19:16:47","date_gmt":"2023-07-18T16:16:47","guid":{"rendered":"https:\/\/rent.minikas.ee\/?post_type=product&#038;p=3091"},"modified":"2026-03-28T13:29:12","modified_gmt":"2026-03-28T11:29:12","slug":"safety-chair-rent-lionelo-bastiaan-0-36kg","status":"publish","type":"product","link":"https:\/\/rent.minikas.ee\/en\/pood\/turvatooli-rent-lionelo-bastiaan-0-36kg\/","title":{"rendered":"Safety chair Lionelo Bastiaan 0-36kg"},"content":{"rendered":"<ul>\n<li>Designed for children from birth up to 36 kg (Group 0\/I\/II\/III).<\/li>\n<li>The ISOFIX system is installed to allow 360\u00b0 rotation of the seat.<\/li>\n<li>The child can ride facing in the direction of travel as well as backwards.<\/li>\n<li>Additional side protection.<\/li>\n<li>5-point safety belts.<\/li>\n<li>Unique technology allows the seat base to rotate freely around its axis without removing the seat belt. By swivelling the chair towards the car door, you can easily and simply place your child in the chair.<\/li>\n<li>TOP TETHER - an additional strap at the top of the child restraint system to reduce forward tilting of the head during a collision.<\/li>\n<li>DRI-SEAT SISTEMA - the contents are made of a durable and strong material that is gentle against the baby's skin. The outer layer is made of a special perforated material that ensures proper air circulation to ensure a feeling of dryness.<\/li>\n<li>ImpactBlock - additional padding protects the child's head during impact. During travel, it supports the neck and enhances travel comfort.<\/li>\n<li>Backrest and head restraint adjustment - to ensure the comfort and correct positioning of the child.<\/li>\n<li>Easy installation - place the seat in the car in the correct position and secure it with the TOP TETHER strap.<\/li>\n<li>Headrest adjustment - 7 levels of headrest adjustment allow the chair to grow with your child.<\/li>\n<\/ul>\n<p>Be sure to also read the installation instructions NB: The Lessor does not install a safety chair in the Renter's vehicle (installation instructions are available with the safety chair), <a href=\"https:\/\/www.youtube.com\/watch?v=14HE0vGiBVQ&amp;list=PLPS2VvqrJOiomMyePYDGExmbao0EipsZj\" target=\"_blank\" rel=\"noopener\">see video<\/a>.<br \/>\n<em>*Select the desired rental period on the form to get a more accurate price.<\/em><\/p>","protected":false},"excerpt":{"rendered":"<p>M\u00f5eldud lastele alates s\u00fcnnist kuni 36 kg. (0\/I\/II\/III grupp). ISOFIX s\u00fcsteem on paigaldatud, et v\u00f5imaldada istme 360\u00b0 p\u00f6\u00f6rlemist. Lapsel on v\u00f5imalus s\u00f5ita nii n\u00e4oga s\u00f5idusuunas kui ka seljaga s\u00f5idusuunas. T\u00e4iendav k\u00fclgkaitse. 5-punkti turvarihmad. Unikaalne tehnoloogia v\u00f5imaldab istme alust p\u00f6\u00f6rata vabalt oma telje \u00fcmber, ilma seda turvav\u00f6\u00f6dest lahti v\u00f5tmata. P\u00f6\u00f6rates tooli auto ukse poole, saate oma [&hellip;]<\/p>\n","protected":false},"featured_media":3142,"comment_status":"open","ping_status":"closed","template":"","meta":[],"product_brand":[],"product_cat":[40],"product_tag":[106,44,107],"class_list":{"0":"post-3091","1":"product","2":"type-product","3":"status-publish","4":"has-post-thumbnail","6":"product_cat-turvatoolid","7":"product_tag-isofix-kinnitus","8":"product_tag-turvatooli-laenutus","9":"product_tag-turvavooga-kinnitatav","11":"first","12":"instock","13":"taxable","14":"shipping-taxable","15":"purchasable","16":"product-type-simple"},"_links":{"self":[{"href":"https:\/\/rent.minikas.ee\/en\/wp-json\/wp\/v2\/product\/3091","targetHints":{"allow":["GET"]}}],"collection":[{"href":"https:\/\/rent.minikas.ee\/en\/wp-json\/wp\/v2\/product"}],"about":[{"href":"https:\/\/rent.minikas.ee\/en\/wp-json\/wp\/v2\/types\/product"}],"replies":[{"embeddable":true,"href":"https:\/\/rent.minikas.ee\/en\/wp-json\/wp\/v2\/comments?post=3091"}],"wp:featuredmedia":[{"embeddable":true,"href":"https:\/\/rent.minikas.ee\/en\/wp-json\/wp\/v2\/media\/3142"}],"wp:attachment":[{"href":"https:\/\/rent.minikas.ee\/en\/wp-json\/wp\/v2\/media?parent=3091"}],"wp:term":[{"taxonomy":"product_brand","embeddable":true,"href":"https:\/\/rent.minikas.ee\/en\/wp-json\/wp\/v2\/product_brand?post=3091"},{"taxonomy":"product_cat","embeddable":true,"href":"https:\/\/rent.minikas.ee\/en\/wp-json\/wp\/v2\/product_cat?post=3091"},{"taxonomy":"product_tag","embeddable":true,"href":"https:\/\/rent.minikas.ee\/en\/wp-json\/wp\/v2\/product_tag?post=3091"}],"curies":[{"name":"wp","href":"https:\/\/api.w.org\/{rel}","templated":true}]}}