{"id":4193,"date":"2024-08-10T06:51:49","date_gmt":"2024-08-10T03:51:49","guid":{"rendered":"https:\/\/rent.minikas.ee\/?post_type=product&#038;p=4193"},"modified":"2026-03-17T22:58:55","modified_gmt":"2026-03-17T20:58:55","slug":"safety-seat-britton-maldon-360-fix-0-36kg-black-grey","status":"publish","type":"product","link":"https:\/\/rent.minikas.ee\/en\/pood\/turvatool-britton-maldon-360-fix-0-36kg-must-hall\/","title":{"rendered":"Car seat Britton Maldon 360 Fix 0-36kg Black\/Grey"},"content":{"rendered":"<p>Suitable for children 0-36kg (from birth to 12 years)<\/p>\n<ul>\n<li>Group 0+: Riding in the direction of travel from birth up to 13kg<\/li>\n<li>Group 1: Riding backwards with harness 9-18kg<\/li>\n<li>Group 2\/3: Facing towards the driving direction with a bait 15-36kg<\/li>\n<li>Double security: Isofix + Top Tether. The Isofix Connect system enhances stability and security throughout the life of the product with a simple click and release system. Top Tether prevents the seat from rotating and reduces the forward movement of the child in the event of a collision. Can also be installed with car belts.<\/li>\n<li>360\u00b0 rotation. The seat rotates 360\u00b0 to facilitate the installation of the child seat. Simply rotate the seat in front of you to install the child seat. It also takes just a few seconds to change the backrest from facing towards driving (or vice versa) due to the 360\u00b0 rotation.<\/li>\n<li>5-point harness. The safety chair has an integrated harness that can be used for smaller children with five anchor points: two on the shoulder, two on the hip and one between the legs, ensuring your child stays securely in the seat. The harness can be adjusted with a single tug.<\/li>\n<\/ul>\n<p>NOTE: The Lessor does not install a safety chair in the Renter's vehicle (installation instructions are available with the safety chair).<br \/>\n<em>*Select the desired rental period on the form to get a more accurate price.<\/em><\/p>","protected":false},"excerpt":{"rendered":"<p>Sobiv lastele 0-36kg (alates s\u00fcnnist kuni 12 eluaastat) R\u00fchm 0+: Seljaga s\u00f5idu suunas s\u00fcnnist kuni 13kg R\u00fchm 1: Seljaga s\u00f5idu suunas traksv\u00f6\u00f6ga 9-18kg R\u00fchm 2\/3: N\u00e4oga s\u00f5idu suunas traksv\u00f6\u00f6ta 15-36kg Topelt turvalisus: Isofix + Top Tether. Isofix Connect s\u00fcsteem suurendab lihtsa kl\u00f5psamiss\u00fcsteemi abil stabiilsust ja turvalisust kogu toote eluea jooksul. Top Tether takistab istme p\u00f6\u00f6rlemist [&hellip;]<\/p>\n","protected":false},"featured_media":4190,"comment_status":"open","ping_status":"closed","template":"","meta":[],"product_brand":[],"product_cat":[40],"product_tag":[106,44],"class_list":{"0":"post-4193","1":"product","2":"type-product","3":"status-publish","4":"has-post-thumbnail","6":"product_cat-turvatoolid","7":"product_tag-isofix-kinnitus","8":"product_tag-turvatooli-laenutus","10":"first","11":"instock","12":"taxable","13":"shipping-taxable","14":"purchasable","15":"product-type-simple"},"_links":{"self":[{"href":"https:\/\/rent.minikas.ee\/en\/wp-json\/wp\/v2\/product\/4193","targetHints":{"allow":["GET"]}}],"collection":[{"href":"https:\/\/rent.minikas.ee\/en\/wp-json\/wp\/v2\/product"}],"about":[{"href":"https:\/\/rent.minikas.ee\/en\/wp-json\/wp\/v2\/types\/product"}],"replies":[{"embeddable":true,"href":"https:\/\/rent.minikas.ee\/en\/wp-json\/wp\/v2\/comments?post=4193"}],"wp:featuredmedia":[{"embeddable":true,"href":"https:\/\/rent.minikas.ee\/en\/wp-json\/wp\/v2\/media\/4190"}],"wp:attachment":[{"href":"https:\/\/rent.minikas.ee\/en\/wp-json\/wp\/v2\/media?parent=4193"}],"wp:term":[{"taxonomy":"product_brand","embeddable":true,"href":"https:\/\/rent.minikas.ee\/en\/wp-json\/wp\/v2\/product_brand?post=4193"},{"taxonomy":"product_cat","embeddable":true,"href":"https:\/\/rent.minikas.ee\/en\/wp-json\/wp\/v2\/product_cat?post=4193"},{"taxonomy":"product_tag","embeddable":true,"href":"https:\/\/rent.minikas.ee\/en\/wp-json\/wp\/v2\/product_tag?post=4193"}],"curies":[{"name":"wp","href":"https:\/\/api.w.org\/{rel}","templated":true}]}}