{"id":4348,"date":"2025-01-19T16:52:33","date_gmt":"2025-01-19T14:52:33","guid":{"rendered":"https:\/\/rent.minikas.ee\/?post_type=product&#038;p=4348"},"modified":"2026-02-22T13:36:37","modified_gmt":"2026-02-22T11:36:37","slug":"gulliver-4-iata-lemmikloomapuur","status":"publish","type":"product","link":"https:\/\/rent.minikas.ee\/en\/pood\/gulliver-4-iata-lemmikloomapuur\/","title":{"rendered":"Gulliver 4 IATA lemmikloomapuur"},"content":{"rendered":"<p>Gulliver IATA4 metalluksega transpordipuur v\u00f5imaldab oma lemmikut igale poole kaasa v\u00f5tta. Puuril on palju \u00f5hutusauke, mis tagavad \u00f5hu ringluse. Kaasas plastist joogin\u00f5u, mis on kinnitatud puuriukse k\u00fclge.<br \/>\nPuur vastab IATA (Rahvusvaheline Lennutranspordi \u00dchendus) n\u00f5uetele.<br \/>\nLemmikloomale kuni 18 kg<\/p>\n<p><strong>M\u00f5\u00f5dud<\/strong><br \/>\n71x51x50cm<\/p>\n<p>NB! K\u00f5ik puurid desinfitseeritakse peale igat kasutust<\/p>","protected":false},"excerpt":{"rendered":"<p>Gulliver IATA4 metalluksega transpordipuur v\u00f5imaldab oma lemmikut igale poole kaasa v\u00f5tta. Puuril on palju \u00f5hutusauke, mis tagavad \u00f5hu ringluse. Kaasas plastist joogin\u00f5u, mis on kinnitatud puuriukse k\u00fclge. Puur vastab IATA (Rahvusvaheline Lennutranspordi \u00dchendus) n\u00f5uetele. Lemmikloomale kuni 18 kg M\u00f5\u00f5dud 71x51x50cm NB! K\u00f5ik puurid desinfitseeritakse peale igat kasutust<\/p>","protected":false},"featured_media":4343,"comment_status":"open","ping_status":"closed","template":"","meta":[],"product_brand":[],"product_cat":[108],"product_tag":[],"class_list":{"0":"post-4348","1":"product","2":"type-product","3":"status-publish","4":"has-post-thumbnail","6":"product_cat-lemmikloomale","8":"first","9":"outofstock","10":"taxable","11":"shipping-taxable","12":"purchasable","13":"product-type-simple"},"_links":{"self":[{"href":"https:\/\/rent.minikas.ee\/en\/wp-json\/wp\/v2\/product\/4348","targetHints":{"allow":["GET"]}}],"collection":[{"href":"https:\/\/rent.minikas.ee\/en\/wp-json\/wp\/v2\/product"}],"about":[{"href":"https:\/\/rent.minikas.ee\/en\/wp-json\/wp\/v2\/types\/product"}],"replies":[{"embeddable":true,"href":"https:\/\/rent.minikas.ee\/en\/wp-json\/wp\/v2\/comments?post=4348"}],"wp:featuredmedia":[{"embeddable":true,"href":"https:\/\/rent.minikas.ee\/en\/wp-json\/wp\/v2\/media\/4343"}],"wp:attachment":[{"href":"https:\/\/rent.minikas.ee\/en\/wp-json\/wp\/v2\/media?parent=4348"}],"wp:term":[{"taxonomy":"product_brand","embeddable":true,"href":"https:\/\/rent.minikas.ee\/en\/wp-json\/wp\/v2\/product_brand?post=4348"},{"taxonomy":"product_cat","embeddable":true,"href":"https:\/\/rent.minikas.ee\/en\/wp-json\/wp\/v2\/product_cat?post=4348"},{"taxonomy":"product_tag","embeddable":true,"href":"https:\/\/rent.minikas.ee\/en\/wp-json\/wp\/v2\/product_tag?post=4348"}],"curies":[{"name":"wp","href":"https:\/\/api.w.org\/{rel}","templated":true}]}}