{"id":438,"date":"2016-02-21T17:54:12","date_gmt":"2016-02-21T15:54:12","guid":{"rendered":"https:\/\/rent.minikas.ee\/?post_type=product&#038;p=438"},"modified":"2026-03-17T22:53:01","modified_gmt":"2026-03-17T20:53:01","slug":"beebimonitori-rent-philips-avent","status":"publish","type":"product","link":"https:\/\/rent.minikas.ee\/en\/pood\/beebimonitori-rent-philips-avent\/","title":{"rendered":"Baby monitor Philips Avent"},"content":{"rendered":"<table id=\"customers\">\n<tbody>\n<tr>\n<td>DECT technology<\/td>\n<td>Yes<\/td>\n<\/tr>\n<tr>\n<td>Warning light connected and within the working radius<\/td>\n<td>Yes<\/td>\n<\/tr>\n<tr>\n<td>Sound activated lights<\/td>\n<td>5 LED lights<\/td>\n<\/tr>\n<tr>\n<td>Volume control and sound activation<\/td>\n<td>Yes<\/td>\n<\/tr>\n<tr>\n<td>Soothing night fire<\/td>\n<td>Yes<\/td>\n<\/tr>\n<tr>\n<td>Indoor range up to<\/td>\n<td>50 metres<\/td>\n<\/tr>\n<tr>\n<td>Outdoor working range up to<\/td>\n<td>300 metres<\/td>\n<\/tr>\n<tr>\n<td>Low battery warning light<\/td>\n<td>Yes<\/td>\n<\/tr>\n<tr>\n<td>Automatic out-of-spread warning alert<\/td>\n<td>Yes<\/td>\n<\/tr>\n<tr>\n<td>Operating temperature range (\u00b0C)<\/td>\n<td>10-40 \u00b0C<\/td>\n<\/tr>\n<\/tbody>\n<\/table>\n<div class=\"s5_graybox\">Both the transmitter and the receiver are mains powered, and the receiver can also be used with AA 1.5V R6 batteries, 2 pcs. batteries.<\/div>\n<div class=\"s5_redbox\"><strong>Batteries (AA 1,5V R6 2pcs.) not included in the rental package.<\/strong><\/div>","protected":false},"excerpt":{"rendered":"<p>DECT-tehnoloogia Jah M\u00e4rgutuli \u00fchendatud ja t\u00f6\u00f6raadiuses Jah Heliga aktiveeruvad tuled 5 LED-tuld Helitugevuse regulaator ja heliga aktiveerimine Jah Rahustav \u00f6\u00f6tuli Jah T\u00f6\u00f6ulatus siseruumides kuni 50 meetrit T\u00f6\u00f6ulatus \u00f5ues kuni 300 meetrit M\u00e4rgutuli aku t\u00fchi Jah Automaatne levist-v\u00e4ljas-hoiatus Jah T\u00f6\u00f6temperatuuri vahemik (\u00b0C) 10-40 \u00b0C Saatja kui ka vastuv\u00f5tja t\u00f6\u00f6tavad vooluv\u00f5rgust, lisaks on v\u00f5imalik vastuv\u00f5tjat kasutada ka [&hellip;]<\/p>\n","protected":false},"featured_media":439,"comment_status":"open","ping_status":"closed","template":"","meta":[],"product_brand":[],"product_cat":[39],"product_tag":[47],"class_list":{"0":"post-438","1":"product","2":"type-product","3":"status-publish","4":"has-post-thumbnail","6":"product_cat-reisivoodid","7":"product_tag-beebimonitori-laenutus","9":"first","10":"instock","11":"taxable","12":"shipping-taxable","13":"purchasable","14":"product-type-simple"},"_links":{"self":[{"href":"https:\/\/rent.minikas.ee\/en\/wp-json\/wp\/v2\/product\/438","targetHints":{"allow":["GET"]}}],"collection":[{"href":"https:\/\/rent.minikas.ee\/en\/wp-json\/wp\/v2\/product"}],"about":[{"href":"https:\/\/rent.minikas.ee\/en\/wp-json\/wp\/v2\/types\/product"}],"replies":[{"embeddable":true,"href":"https:\/\/rent.minikas.ee\/en\/wp-json\/wp\/v2\/comments?post=438"}],"wp:featuredmedia":[{"embeddable":true,"href":"https:\/\/rent.minikas.ee\/en\/wp-json\/wp\/v2\/media\/439"}],"wp:attachment":[{"href":"https:\/\/rent.minikas.ee\/en\/wp-json\/wp\/v2\/media?parent=438"}],"wp:term":[{"taxonomy":"product_brand","embeddable":true,"href":"https:\/\/rent.minikas.ee\/en\/wp-json\/wp\/v2\/product_brand?post=438"},{"taxonomy":"product_cat","embeddable":true,"href":"https:\/\/rent.minikas.ee\/en\/wp-json\/wp\/v2\/product_cat?post=438"},{"taxonomy":"product_tag","embeddable":true,"href":"https:\/\/rent.minikas.ee\/en\/wp-json\/wp\/v2\/product_tag?post=438"}],"curies":[{"name":"wp","href":"https:\/\/api.w.org\/{rel}","templated":true}]}}